{"id":6816,"date":"2024-03-01T09:04:56","date_gmt":"2024-03-01T09:04:56","guid":{"rendered":"https:\/\/hostalsanansa.com\/condiciones-generales\/"},"modified":"2024-08-01T18:50:58","modified_gmt":"2024-08-01T18:50:58","slug":"condiciones-generales","status":"publish","type":"page","link":"https:\/\/hostalsanansa.com\/es\/condiciones-generales\/","title":{"rendered":"Condiciones generales"},"content":{"rendered":"\n<ol class=\"wp-block-list\">\n<li>ALCANCE<\/li>\n<\/ol>\n\n<h5 class=\"wp-block-heading\" style=\"font-style:normal;font-weight:400\">Estas Condiciones de Uso de la Web establecen las condiciones generales que regulan tanto el acceso como la navegaci\u00f3n, as\u00ed como el uso de los contenidos de la presente web.<\/h5>\n\n<h5 class=\"wp-block-heading\" style=\"font-style:normal;font-weight:400\">La informaci\u00f3n contenida en esta p\u00e1gina web hace referencia a los servicios prestados por Babe Friend Consulting SL. Esta informaci\u00f3n s\u00f3lo tiene efectos enunciativos y en modo constituye una oferta vinculante que obligue al usuario a contratar los servicios.<\/h5>\n\n<h5 class=\"wp-block-heading\" style=\"font-style:normal;font-weight:400\">Babe Friend Consulting SL se reserva el derecho de modificar la informaci\u00f3n aqu\u00ed contenida cuando lo estime conveniente y sin previo aviso, no siendo responsable de la exactitud, insuficiencia o autenticidad de la informaci\u00f3n suministrada.<\/h5>\n\n<h5 class=\"wp-block-heading\" style=\"font-style:normal;font-weight:400\">Asimismo, se reserva el derecho a modificar el contenido del presente documento de uso de la web. Por tanto, el Usuario debe leer atentamente este documento en cada una de las ocasiones en que se proponga utilizar el sitio web, ya que \u00e9ste y sus condiciones de uso recogidas en el presente Uso de la Web pueden ser modificadas. La prestaci\u00f3n del servicio de este sitio web tiene una duraci\u00f3n limitada al momento en que el Usuario se encuentre conectado al sitio web o en alguno de los servicios que a trav\u00e9s del mismo se faciliten.<\/h5>\n\n<ol class=\"wp-block-list\" start=\"2\">\n<li>CONDICIONES DE USO DE LA WEB<\/li>\n<\/ol>\n\n<h5 class=\"wp-block-heading\" style=\"font-style:normal;font-weight:400\">Con el simple acceso, navegaci\u00f3n o utilizaci\u00f3n de la p\u00e1gina web, se tiene la condici\u00f3n de usuario. El usuario acepta de forma plena y sin ning\u00fan tipo de reserva las condiciones contenidas en el presente aviso legal.<\/h5>\n\n<h5 class=\"wp-block-heading\" style=\"font-style:normal;font-weight:400\">El usuario se compromete a utilizar el sitio web junto con sus servicios y contenidos, de forma l\u00edcita, de acuerdo con la legislaci\u00f3n vigente, los usos generalmente aceptados, la buena fe y el orden p\u00fablico.<\/h5>\n\n<h5 class=\"wp-block-heading\" style=\"font-style:normal;font-weight:400\">El usuario se compromete a no realizar acciones que puedan causar da\u00f1os a la p\u00e1gina web, utiliz\u00e1ndola, sobrecargando o deterior\u00e1ndose la de cualquier modo, o impidiendo a otros usuarios el libre acceso, utilizaci\u00f3n o disfrute de la p\u00e1gina web.<\/h5>\n\n<ol class=\"wp-block-list\" start=\"3\">\n<li>PROPIEDAD INTELECTUAL Y USO DE CONTENIDOS<\/li>\n<\/ol>\n\n<h5 class=\"wp-block-heading\" style=\"font-style:normal;font-weight:400\">Babe Friend Consulting SL es titular de los derechos de propiedad intelectual e industrial de esta p\u00e1gina web y de todos sus contenidos (a t\u00edtulo meramente enunciativo: textos, fotograf\u00edas y otros contenidos audiovisuales, software, dise\u00f1o gr\u00e1fico, etc.) o cuenta con la correspondiente licencia o autorizaci\u00f3n para su uso. El acceso a la navegaci\u00f3n por el uso de este sitio web por parte del usuario no implica en ning\u00fan caso renuncia, transmisi\u00f3n, licencia ni cesi\u00f3n total o parcial de aqu\u00e9llos.<\/h5>\n\n<h5 class=\"wp-block-heading\" style=\"font-style:normal;font-weight:400\">Queda prohibido reproducir, modificar, reutilizar, explotar, comunicar p\u00fablicamente, cargar archivos, enviar por correo, transmitir, usar, tratar o distribuir de cualquier forma<\/h5>\n\n<h5 class=\"wp-block-heading\" style=\"font-style:normal;font-weight:400\">la totalidad o parte de los contenidos incluidos en esta p\u00e1gina web para prop\u00f3sitos p\u00fablicos o comerciales, si no se cuenta con autorizaci\u00f3n expresa y por escrito de Babe Friend Consulting SL<\/h5>\n\n<ol class=\"wp-block-list\" start=\"4\">\n<li>ENLACES<\/li>\n<\/ol>\n\n<h4 class=\"wp-block-heading\" style=\"font-style:normal;font-weight:400\">4.1. ENLACES A OTRAS P\u00c1GINAS WEB EXTERNAS<\/h4>\n\n<h5 class=\"wp-block-heading\" style=\"font-style:normal;font-weight:400\">Babe Friend Consulting SL rechaza toda responsabilidad sobre toda informaci\u00f3n presente en la Web no elaborada por Babe Friend Consulting SL o no publicada bajo su n\u00famero. La p\u00e1gina web puede contener enlaces de hipertexto hacia otras p\u00e1ginas de la World Wide Web que son completamente independientes de esta p\u00e1gina web. o entidad, f\u00edsica o jur\u00eddica, cono o sin personalidad jur\u00eddica propia, a trav\u00e9s de estos enlaces de hipertexto.<\/h5>\n\n<h4 class=\"wp-block-heading\" style=\"font-style:normal;font-weight:400\">4.2. ENLACES EXTERNOS CON DESTINO EN LAS P\u00c1GINAS WEB DE BABE FRIEND CONSULTING SL<\/h4>\n\n<h5 class=\"wp-block-heading\" style=\"font-style:normal;font-weight:400\">Si cualquier otro sitio web, usuario o entidad, deseara establecer un enlace con destino a <a href=\"https:\/\/hostalsanansa.com\/es\/\" title=\"\">https:\/\/hostalsanansa.com\/<\/a> , enlace deber\u00e1 someterse a las condiciones que a continuaci\u00f3n se detallan:<\/h5>\n\n<ol class=\"wp-block-list\">\n<li class=\"has-small-font-size\">El enlace ir\u00e1 dirigido a la p\u00e1gina principal o en cualquiera de sus secciones. El enlace, en cualquier caso, debe ser absoluto y completo quitando al usuario con un solo clic en la URL de la p\u00e1gina principal o en la URL de cualquiera de sus secciones. El enlace deber\u00e1 abarcar toda la extensi\u00f3n de pantalla del portal <a href=\"https:\/\/hostalesmenut.com\/\">https:\/\/hostalesmenut.com\/<\/a> .<\/li>\n<\/ol>\n\n<ol class=\"wp-block-list\" start=\"2\">\n<li class=\"has-small-font-size\">En ning\u00fan caso, salvo expresa autorizaci\u00f3n por escrito por parte de Babe Friend Consulting SL, el sitio web que establece el enlace podr\u00e1 reproducir de cualquier forma  <a href=\"https:\/\/hostalsanansa.com\/es\/\" title=\"\">https:\/\/hostalsanansa.com\/<\/a>, incluy\u00e9ndolo como parte integrante de su web, utilizando marcos, redireccionamientos o cualquier otra medida que suponga ocultar el origen de la informaci\u00f3n.<\/li>\n<\/ol>\n\n<ol class=\"wp-block-list\" start=\"3\">\n<li class=\"has-small-font-size\">No se autoriza el establecimiento de enlace a <a href=\"https:\/\/hostalsanansa.com\/es\/\" title=\"\">https:\/\/hostalsanansa.com\/<\/a> , desde sitios web que contengan contenidos il\u00edcitos, ilegales, degradantes u obscenos, contraviniendo la moral o el orden p\u00fablico.<\/li>\n<\/ol>\n\n<h5 class=\"wp-block-heading\" style=\"font-style:normal;font-weight:400\">El servicio de acceso al sitio web incluye dispositivos t\u00e9cnicos de enlace, directorios e incluso instrumentos de b\u00fasqueda que permiten al Usuario acceder a otras p\u00e1ginas y portales de Internet (en adelante, &#8216;Sitios Enlazados&#8217;).<\/h5>\n\n<h5 class=\"wp-block-heading\" style=\"font-style:normal;font-weight:400\">En estos casos, Babe Friend Consulting SL act\u00faa como prestamista de servicios de intermediaci\u00f3n de conformidad con la Ley de Servicios de la Informaci\u00f3n y Comercio electr\u00f3nico y s\u00f3lo ser\u00e1 responsable de los contenidos y servicios suministrados en los Sitios Enlazados en la medida en que tenga conocimiento efectivo de la ilicitud y no haya desactivado el enlace con la diligencia debida. En caso de que el Usuario considere que existe un Sitio Enlazado con contenidos il\u00edcitos o inadecuados podr\u00e1 comunic\u00e1rselo a Babe Friend Consulting SL enviando un mensaje a <a href=\"mailto:info@hostalsanansa.com\" title=\"\">info@hostalsanansa.com<\/a> , sino que en ning\u00fan caso esta comunicaci\u00f3n conlleve la obligaci\u00f3n de retirar el correspondiente enlace.<\/h5>\n\n<h5 class=\"wp-block-heading\" style=\"font-style:normal;font-weight:400\">Babe Friend Consulting SL Sitios Enlazados por tanto no se hace responsable por los da\u00f1os producidos por la ilicitud, calidad, desde actualizaci\u00f3n, indisponibilidad, error e inutilidad de los contenidos y\/o servicios de los Sitios Enlazados ni por cualquier otro da\u00f1o que no sea directamente imputable a Babe Friend Consulting SL<\/h5>\n\n<ol class=\"wp-block-list\" start=\"5\">\n<li>EXCLUSI\u00d3N DE RESPONSABILIDAD<\/li>\n<\/ol>\n\n<h5 class=\"wp-block-heading\" style=\"font-style:normal;font-weight:400\">La responsabilidad en el uso de este sitio web corresponde de forma \u00fanica y exclusiva al Usuario.<\/h5>\n\n<h5 class=\"wp-block-heading\" style=\"font-style:normal;font-weight:400\">Babe Friend Consulting SL no se hace responsable, en ning\u00fan caso, de los da\u00f1os y perjudicios de cualquier naturaleza que pudieran causarse por:<\/h5>\n\n<ol class=\"wp-block-list\">\n<li class=\"has-small-font-size\">La no disponibilidad, mantenimiento y funcionamiento del sitio web o de sus servicios o contenidos, puesto que requiere de suministros y servicios de terceros.<\/li>\n\n\n\n<li class=\"has-small-font-size\">Los errores y omisiones en la informaci\u00f3n publicada as\u00ed como la falta de utilidad, adecuaci\u00f3n o validez del sitio web o de sus servicios o contenidos para satisfer necesidades, actividades o resultados concretos o expectativas de los Usuarios.<\/li>\n<\/ol>\n\n<h5 class=\"wp-block-heading\" style=\"font-style:normal;font-weight:400\">El acceso al Portal no implica la obligaci\u00f3n por parte de Babe Friend Consulting SL de controlar la ausencia de virus o cualquier otro elemento inform\u00e1tico da\u00f1ino.<\/h5>\n\n<h5 class=\"wp-block-heading\" style=\"font-style:normal;font-weight:400\">Corresponde al Usuario, en cualquier caso, la disponibilidad de herramientas adecuadas para la detecci\u00f3n y desinfecci\u00f3n de programas inform\u00e1ticos da\u00f1inos. Babe Friend Consulting SL no se responsabiliza de los da\u00f1os producidos en los equipos inform\u00e1ticos de los usuarios o de terceros durante el uso del sitio web.<\/h5>\n\n<ol class=\"wp-block-list\" start=\"6\">\n<li>LEGISLACI\u00d3N<\/li>\n<\/ol>\n\n<h5 class=\"wp-block-heading\" style=\"font-style:normal;font-weight:400\">El presente Aviso Legal se rige en todos y cada uno de sus extremos por la ley espa\u00f1ola y el Reglamento General de Protecci\u00f3n de Datos de la Uni\u00f3n Europea.<\/h5>\n\n<ol class=\"wp-block-list\" start=\"7\">\n<li>ACTUALIZACI\u00d3N<\/li>\n<\/ol>\n\n<h5 class=\"wp-block-heading\" style=\"font-style:normal;font-weight:400\">El presente uso de la web se ha revisado por \u00faltima vez en enero de 2023.<\/h5>\n","protected":false},"excerpt":{"rendered":"<p>Estas Condiciones de Uso de la Web establecen las condiciones generales que regulan tanto el acceso como la navegaci\u00f3n, as\u00ed como el uso de los contenidos de la presente web. La informaci\u00f3n contenida en esta p\u00e1gina web hace referencia a los servicios prestados por Babe Friend Consulting SL. Esta informaci\u00f3n s\u00f3lo tiene efectos enunciativos y [&hellip;]<\/p>\n","protected":false},"author":1,"featured_media":0,"parent":0,"menu_order":0,"comment_status":"closed","ping_status":"closed","template":"","meta":{"footnotes":""},"class_list":["post-6816","page","type-page","status-publish","hentry"],"aioseo_notices":[],"_links":{"self":[{"href":"https:\/\/hostalsanansa.com\/es\/wp-json\/wp\/v2\/pages\/6816","targetHints":{"allow":["GET"]}}],"collection":[{"href":"https:\/\/hostalsanansa.com\/es\/wp-json\/wp\/v2\/pages"}],"about":[{"href":"https:\/\/hostalsanansa.com\/es\/wp-json\/wp\/v2\/types\/page"}],"author":[{"embeddable":true,"href":"https:\/\/hostalsanansa.com\/es\/wp-json\/wp\/v2\/users\/1"}],"replies":[{"embeddable":true,"href":"https:\/\/hostalsanansa.com\/es\/wp-json\/wp\/v2\/comments?post=6816"}],"version-history":[{"count":5,"href":"https:\/\/hostalsanansa.com\/es\/wp-json\/wp\/v2\/pages\/6816\/revisions"}],"predecessor-version":[{"id":8174,"href":"https:\/\/hostalsanansa.com\/es\/wp-json\/wp\/v2\/pages\/6816\/revisions\/8174"}],"wp:attachment":[{"href":"https:\/\/hostalsanansa.com\/es\/wp-json\/wp\/v2\/media?parent=6816"}],"curies":[{"name":"wp","href":"https:\/\/api.w.org\/{rel}","templated":true}]}}