{"id":6820,"date":"2024-03-01T09:04:57","date_gmt":"2024-03-01T09:04:57","guid":{"rendered":"https:\/\/hostalsanansa.com\/politica-de-privacidad\/"},"modified":"2024-08-01T18:52:17","modified_gmt":"2024-08-01T18:52:17","slug":"politica-de-privacidad","status":"publish","type":"page","link":"https:\/\/hostalsanansa.com\/es\/politica-de-privacidad\/","title":{"rendered":"Pol\u00edtica de privacidad y protecci\u00f3n de datos"},"content":{"rendered":"\n<h4 class=\"wp-block-heading\"><strong>\u00bfQUI\u00c9N ES EL RESPONSABLE DEL TRATAMIENTO DE TU DATOS?<\/strong><\/h4>\n\n<h5 class=\"wp-block-heading\" style=\"font-style:normal;font-weight:400\">El responsable de las datos y titular de la p\u00e1gina web <a href=\"http:\/\/hostalsanansa.com\/\" title=\"\">http:\/\/hostalsanansa.com\/<\/a> es Babe Friend Consulting SL, con domicilio ubicado en Calle de la Iglesia 1, 17320 Tossa de Mar, Gerona. NIF: B-02.893.923 y e-mail: <a href=\"mailto:info@hostalsanansa.com\" title=\"\">info@hostalsanansa.com<\/a><\/h5>\n\n<h4 class=\"wp-block-heading\"><strong>\u00bfCON QU\u00c9 FINALIDAD TRATAMOS TU DATOS PERSONALES?<\/strong><\/h4>\n\n<h5 class=\"wp-block-heading\" style=\"font-style:normal;font-weight:400\">En Babe Friend Consulting SL tratamos la informaci\u00f3n que nos facilitas con el fin de gestionar el env\u00edo de la informaci\u00f3n que nos solicitas o facilitarte ofertas de servicios de tu inter\u00e9s en caso de que as\u00ed nos los solicites al incluir tus datos y correo electr\u00f3nico en el espacio habilitado en el formulario. Igualmente podremos utilizar tus datos para:<\/h5>\n\n<ul class=\"wp-block-list\">\n<li class=\"has-small-font-size\">Comunicaci\u00f3n de ofertas, descuentos y todo tipo de informaci\u00f3n promocional que pudiera serle de inter\u00e9s a nuestros usuarios.<\/li>\n\n\n\n<li class=\"has-small-font-size\">Selecci\u00f3n de nuevo personal.<\/li>\n\n\n\n<li class=\"has-small-font-size\">Gesti\u00f3n y confirmaci\u00f3n de reservas.<\/li>\n\n\n\n<li class=\"has-small-font-size\">Mejora de nuestros servicios mediante el estudio del comportamiento de los usuarios. Prevenir abusos y fraudes en el uso de nuestros servicios (por ejemplo, actividades fraudulentas, ataques de denegaci\u00f3n de servicios, env\u00edo de spam, entre otros).<\/li>\n\n\n\n<li class=\"has-small-font-size\">Cesi\u00f3n de datos a organismos y autoridades p\u00fablicas, siempre que sean requeridos de conformidad con las disposiciones legales y reglamentarias.<\/li>\n<\/ul>\n\n<h4 class=\"wp-block-heading\"><strong>\u00bfCU\u00c1NTO TIEMPO CONSERVAMOS TU DATOS?<\/strong><\/h4>\n\n<h5 class=\"wp-block-heading\" style=\"font-style:normal;font-weight:400\">Las datos personales que nos proporciones se conservar\u00e1n mientras se mantenga la relaci\u00f3n profesional o mercantil y no nos solicites su supresi\u00f3n. En cualquier caso, se conservar\u00e1n durante un plazo de 5 a\u00f1os a partir del \u00faltimo contacto.<\/h5>\n\n<h4 class=\"wp-block-heading\"><strong>\u00bfCUAL ES LA LEGITIMACI\u00d3N PARA EL TRATAMIENTO DE TU DATOS?<\/strong><\/h4>\n\n<h5 class=\"wp-block-heading\" style=\"font-style:normal;font-weight:400\">La base legal para el tratamiento de tus datos es la de dar respuesta a la petici\u00f3n de informaci\u00f3n, de compra de los productos solicitados, o la de ejecuci\u00f3n de los servicios contratados.<\/h5>\n\n<h4 class=\"wp-block-heading\"><strong>\u00bfA QU\u00c9 DESTINATARIOS SE COMUNICAR\u00c1N TU DATOS?<\/strong><\/h4>\n\n<h5 class=\"wp-block-heading\" style=\"font-style:normal;font-weight:400\">Tus datos se incorporar\u00e1n a la base de datos perteneciente a Babe Friend Consulting SL y no ser\u00e1n cedidos a terceros, salvo obligaci\u00f3n legal o requerimiento de las fuerzas y cuerpos de seguridad del Estado, en caso de las im\u00e1genes captadas por las c\u00e1maras de videovigilancia.<\/h5>\n\n<h4 class=\"wp-block-heading\"><strong>\u00bfCUALES SON TU DERECHOS CUANDO NOS FACILITAS TU DATOS?<\/strong><\/h4>\n\n<h5 class=\"wp-block-heading\" style=\"font-style:normal;font-weight:400\">Cualquier persona tiene derecho a obtener confirmaci\u00f3n sobre si en Babe Friend Consulting SL estamos tratando datos personales que las conciernen, o no. Los interesados \u200b\u200btienen derecho a acceder a sus datos personales, as\u00ed como a solicitar la rectificaci\u00f3n de las datos inexactas o, en su caso, solicitar su supresi\u00f3n cuando, entre otros motivos, las datos ya no sean necesarias para los fines que fueron recogidos . En determinadas circunstancias, los interesados \u200b\u200bpodr\u00e1n solicitar la limitaci\u00f3n del tratamiento de sus datos, en cuyo caso \u00fanicamente los conservaremos para el ejercicio o la defensa de reclamaciones. En determinadas circunstancias y por motivos relacionados con su situaci\u00f3n particular, los interesados \u200b\u200bpodr\u00e1n oponerse al tratamiento de sus datos. Babe Friend Consulting SL dejar\u00e1 de tratar las datos, salvo que sea necesario por motivos leg\u00edtimos, imperiosos, o el ejercicio o defensa de posibles reclamaciones. Para m\u00e1s informaci\u00f3n y para ejercitar tus derechos, por favor, env\u00eda un e-mail a la direcci\u00f3n: <a href=\"mailto:info@hostalsanansa.com\" title=\"\">info@hostalsanansa.com<\/a><\/h5>\n\n<h4 class=\"wp-block-heading\"><strong>LEGISLACI\u00d3N<\/strong><\/h4>\n\n<h5 class=\"wp-block-heading\" style=\"font-style:normal;font-weight:400\">La presente pol\u00edtica de privacidad se regir\u00e1 en todos y cada uno de sus extremos por el Reglamento General de Protecci\u00f3n de datos de la Uni\u00f3n Europea y dem\u00e1s normativa relacionada.<\/h5>\n\n<h4 class=\"wp-block-heading\"><strong>ACTUALIZACI\u00d3N<\/strong><\/h4>\n\n<h5 class=\"wp-block-heading\" style=\"font-style:normal;font-weight:400\">Esta pol\u00edtica de privacidad se ha revisado por \u00faltima vez en enero de 2023.<\/h5>\n","protected":false},"excerpt":{"rendered":"<p>\u00bfQUI\u00c9N ES EL RESPONSABLE DEL TRATAMIENTO DE TU DATOS? El responsable de las datos y titular de la p\u00e1gina web http:\/\/hostalsanansa.com\/ es Babe Friend Consulting SL, con domicilio ubicado en Calle de la Iglesia 1, 17320 Tossa de Mar, Gerona. NIF: B-02.893.923 y e-mail: info@hostalsanansa.com \u00bfCON QU\u00c9 FINALIDAD TRATAMOS TU DATOS PERSONALES? En Babe Friend [&hellip;]<\/p>\n","protected":false},"author":1,"featured_media":0,"parent":0,"menu_order":0,"comment_status":"closed","ping_status":"closed","template":"","meta":{"footnotes":""},"class_list":["post-6820","page","type-page","status-publish","hentry"],"aioseo_notices":[],"_links":{"self":[{"href":"https:\/\/hostalsanansa.com\/es\/wp-json\/wp\/v2\/pages\/6820","targetHints":{"allow":["GET"]}}],"collection":[{"href":"https:\/\/hostalsanansa.com\/es\/wp-json\/wp\/v2\/pages"}],"about":[{"href":"https:\/\/hostalsanansa.com\/es\/wp-json\/wp\/v2\/types\/page"}],"author":[{"embeddable":true,"href":"https:\/\/hostalsanansa.com\/es\/wp-json\/wp\/v2\/users\/1"}],"replies":[{"embeddable":true,"href":"https:\/\/hostalsanansa.com\/es\/wp-json\/wp\/v2\/comments?post=6820"}],"version-history":[{"count":4,"href":"https:\/\/hostalsanansa.com\/es\/wp-json\/wp\/v2\/pages\/6820\/revisions"}],"predecessor-version":[{"id":8177,"href":"https:\/\/hostalsanansa.com\/es\/wp-json\/wp\/v2\/pages\/6820\/revisions\/8177"}],"wp:attachment":[{"href":"https:\/\/hostalsanansa.com\/es\/wp-json\/wp\/v2\/media?parent=6820"}],"curies":[{"name":"wp","href":"https:\/\/api.w.org\/{rel}","templated":true}]}}