{"id":6819,"date":"2024-03-01T09:04:56","date_gmt":"2024-03-01T09:04:56","guid":{"rendered":"https:\/\/hostalsanansa.com\/conditions-generales\/"},"modified":"2024-08-01T18:46:51","modified_gmt":"2024-08-01T18:46:51","slug":"conditions-generales","status":"publish","type":"page","link":"https:\/\/hostalsanansa.com\/fr\/conditions-generales\/","title":{"rendered":"Conditions G\u00e9n\u00e9rales"},"content":{"rendered":"\n<ol class=\"wp-block-list\">\n<li>ATTEINDRE<\/li>\n<\/ol>\n\n<h5 class=\"wp-block-heading\" style=\"font-style:normal;font-weight:400\">Les pr\u00e9sentes conditions d&rsquo;utilisation du Web \u00e9tablissent les conditions g\u00e9n\u00e9rales qui r\u00e9gissent \u00e0 la fois l&rsquo;acc\u00e8s et la navigation, ainsi que l&rsquo;utilisation du contenu de ce site Web.<\/h5>\n\n<h5 class=\"wp-block-heading\" style=\"font-style:normal;font-weight:400\">Les informations contenues dans cette page Web font r\u00e9f\u00e9rence aux services fournis par Babe Friend Consulting SL. Ces informations ont uniquement des effets \u00e9nonciatifs et constituent donc une offre ferme qui oblige l&rsquo;utilisateur \u00e0 contracter les services.<\/h5>\n\n<h5 class=\"wp-block-heading\" style=\"font-style:normal;font-weight:400\">Babe Friend Consulting SL se r\u00e9serve le droit de modifier les informations contenues ici lorsqu&rsquo;elle le juge opportun et sans pr\u00e9avis, n&rsquo;\u00e9tant pas responsable de l&rsquo;exactitude, de l&rsquo;inad\u00e9quation ou de l&rsquo;authenticit\u00e9 des informations fournies.<\/h5>\n\n<h5 class=\"wp-block-heading\" style=\"font-style:normal;font-weight:400\">De m\u00eame, le droit de modifier le contenu de ce document d&rsquo;utilisation du site Internet est r\u00e9serv\u00e9. Par cons\u00e9quent, l&rsquo;Utilisateur doit lire attentivement ce document \u00e0 chacune des occasions o\u00f9 il propose d&rsquo;utiliser le site Web, car celui-ci et ses conditions d&rsquo;utilisation contenues dans cette Utilisation du Site Web peuvent \u00eatre modifi\u00e9es. La fourniture du service de ce site Web a une dur\u00e9e limit\u00e9e au moment o\u00f9 l&rsquo;utilisateur est connect\u00e9 au site Web ou \u00e0 l&rsquo;un des services fournis par son interm\u00e9diaire.<\/h5>\n\n<ol class=\"wp-block-list\" start=\"2\">\n<li>CONDITIONS D&rsquo;UTILISATION DU WEB<\/li>\n<\/ol>\n\n<h5 class=\"wp-block-heading\" style=\"font-style:normal;font-weight:400\">Par le simple acc\u00e8s, navigation ou utilisation du site Internet, vous disposez de la condition d\u2019utilisateur. L&rsquo;utilisateur accepte pleinement et sans aucune r\u00e9serve les conditions contenues dans le pr\u00e9sent avis l\u00e9gal.<\/h5>\n\n<h5 class=\"wp-block-heading\" style=\"font-style:normal;font-weight:400\">L&rsquo;utilisateur s&rsquo;engage \u00e0 utiliser le site Internet ainsi que ses services et contenus, de mani\u00e8re licite, conform\u00e9ment \u00e0 la l\u00e9gislation en vigueur, aux usages g\u00e9n\u00e9ralement admis, \u00e0 la bonne foi et \u00e0 l&rsquo;ordre public.<\/h5>\n\n<h5 class=\"wp-block-heading\" style=\"font-style:normal;font-weight:400\">L&rsquo;utilisateur s&rsquo;engage \u00e0 ne pas effectuer d&rsquo;actions susceptibles de causer des dommages \u00e0 la page Web, en l&rsquo;utilisant, en la surchargeant ou en la d\u00e9t\u00e9riorant de quelque mani\u00e8re que ce soit, ou en emp\u00eachant d&rsquo;autres utilisateurs d&rsquo;acc\u00e9der, d&rsquo;utiliser ou de profiter librement de la page Web.<\/h5>\n\n<ol class=\"wp-block-list\" start=\"3\">\n<li>PROPRI\u00c9T\u00c9 INTELLECTUELLE ET UTILISATION DU CONTENU<\/li>\n<\/ol>\n\n<h5 class=\"wp-block-heading\" style=\"font-style:normal;font-weight:400\">Babe Friend Consulting SL est propri\u00e9taire des droits de propri\u00e9t\u00e9 intellectuelle et industrielle de cette page Web et de tout son contenu (\u00e0 des fins purement descriptives : textes, photographies et autres contenus audiovisuels, logiciels, conception graphique, etc.) ou poss\u00e8de les droits correspondants. licence ou autorisation pour son utilisation. L&rsquo;acc\u00e8s \u00e0 la navigation et \u00e0 l&rsquo;utilisation de ce site par l&rsquo;utilisateur n&rsquo;implique en aucun cas une renonciation, transmission, licence ou cession totale ou partielle de celles-ci.<\/h5>\n\n<h5 class=\"wp-block-heading\" style=\"font-style:normal;font-weight:400\">Il est interdit de reproduire, modifier, r\u00e9utiliser, exploiter, communiquer publiquement, t\u00e9l\u00e9charger des fichiers, envoyer par courrier, transmettre, utiliser, traiter ou distribuer de quelque mani\u00e8re que ce soit.<\/h5>\n\n<h5 class=\"wp-block-heading\" style=\"font-style:normal;font-weight:400\">tout ou partie du contenu inclus dans cette page Web \u00e0 des fins publiques ou commerciales, si vous n&rsquo;avez pas l&rsquo;autorisation expresse et \u00e9crite de Babe Friend Consulting SL<\/h5>\n\n<ol class=\"wp-block-list\" start=\"4\">\n<li>LIENS<\/li>\n<\/ol>\n\n<h4 class=\"wp-block-heading\" style=\"font-style:normal;font-weight:400\">4.1. LIENS VERS D&rsquo;AUTRES SITES WEB EXTERNES<\/h4>\n\n<h5 class=\"wp-block-heading\" style=\"font-style:normal;font-weight:400\">Babe Friend Consulting SL d\u00e9cline toute responsabilit\u00e9 pour toute information pr\u00e9sente sur le World Wide Web non pr\u00e9par\u00e9e par Babe Friend Consulting SL ou non publi\u00e9e sous son nom. La page Web peut contenir des liens hypertextes vers d&rsquo;autres pages du World Wide Web qui sont compl\u00e8tement ind\u00e9pendantes de cette page Web. Babe Friend Consulting SL ne r\u00e9pondra ni ne garantira, en aucune mani\u00e8re, l&rsquo;exactitude, l&rsquo;insuffisance ou l&rsquo;authenticit\u00e9 des informations fournies par toute personne. ou entit\u00e9, physique ou morale, dot\u00e9e ou non de la personnalit\u00e9 juridique propre, par l&rsquo;interm\u00e9diaire de ces liens hypertextes.<\/h5>\n\n<h4 class=\"wp-block-heading\" style=\"font-style:normal;font-weight:400\">4.2. LIENS EXTERNES VERS LES SITES WEB DE BABE FRIEND CONSULTING SL<\/h4>\n\n<h5 class=\"wp-block-heading\" style=\"font-style:normal;font-weight:400\">Si un autre site Web, utilisateur ou entit\u00e9 souhaite \u00e9tablir un lien vers <a href=\"https:\/\/hostalsanansa.com\/fr\/\" title=\"\">https:\/\/hostalsanansa.com\/<\/a> , le lien doit respecter les conditions d\u00e9taill\u00e9es ci-dessous :<\/h5>\n\n<ol class=\"wp-block-list\">\n<li class=\"has-small-font-size\">Le lien m\u00e8nera \u00e0 la page principale ou \u00e0 l\u2019une de ses sections. Le lien, dans tous les cas, doit \u00eatre absolu et complet, conduisant l&rsquo;utilisateur d&rsquo;un simple clic sur l&rsquo;URL de la page principale ou sur l&rsquo;URL de l&rsquo;une de ses sections. Le lien doit couvrir toute l&rsquo;extension d&rsquo;\u00e9cran du portail <a href=\"https:\/\/hostalesmenut.com\/\">https:\/\/hostalesmenut.com\/<\/a> .<\/li>\n<\/ol>\n\n<ol class=\"wp-block-list\" start=\"2\">\n<li class=\"has-small-font-size\">En aucun cas, sauf autorisation \u00e9crite expresse de Babe Friend Consulting SL, le site Internet qui \u00e9tablit le lien ne peut \u00eatre reproduit de quelque mani\u00e8re que ce soit.  <a href=\"https:\/\/hostalsanansa.com\/fr\/\" title=\"\">https:\/\/hostalsanansa.com\/<\/a>, en l&rsquo;incluant comme partie int\u00e9grante de son site Internet, en utilisant des frames, des redirections ou toute autre mesure impliquant de cacher l&rsquo;origine de l&rsquo;information.<\/li>\n<\/ol>\n\n<ol class=\"wp-block-list\" start=\"3\">\n<li class=\"has-small-font-size\">L&rsquo;\u00e9tablissement de liens vers <a href=\"https:\/\/hostalsanansa.com\/fr\/\" title=\"\">https:\/\/hostalsanansa.com\/<\/a> n&rsquo;est pas autoris\u00e9, \u00e0 partir de sites Internet contenant des contenus illicites, ill\u00e9gaux, d\u00e9gradants ou obsc\u00e8nes, contraires aux bonnes m\u0153urs ou \u00e0 l&rsquo;ordre public.<\/li>\n<\/ol>\n\n<h5 class=\"wp-block-heading\" style=\"font-style:normal;font-weight:400\">Le service d&rsquo;acc\u00e8s au site Web comprend des dispositifs techniques de liaison, des annuaires et m\u00eame des outils de recherche permettant \u00e0 l&rsquo;Utilisateur d&rsquo;acc\u00e9der \u00e0 d&rsquo;autres pages et portails Internet (ci-apr\u00e8s, \u00ab Sites li\u00e9s \u00bb).<\/h5>\n\n<h5 class=\"wp-block-heading\" style=\"font-style:normal;font-weight:400\">Dans ces cas, Babe Friend Consulting SL agit en tant que prestataire de services interm\u00e9diaire conform\u00e9ment \u00e0 la loi sur les services d&rsquo;information et le commerce \u00e9lectronique et ne sera responsable du contenu et des services fournis sur les sites li\u00e9s que dans la mesure o\u00f9 elle a une connaissance effective des ill\u00e9galit\u00e9 et n\u2019a pas d\u00e9sactiv\u00e9 le lien avec la diligence requise. Si l&rsquo;Utilisateur consid\u00e8re qu&rsquo;il existe un Site li\u00e9 avec un contenu ill\u00e9gal ou inappropri\u00e9, il peut le communiquer \u00e0 Babe Friend Consulting SL en envoyant un message \u00e0 <a href=\"mailto:info@hostalsanansa.com\" title=\"\">info@hostalsanansa.com<\/a> , mais en aucun cas cette communication n&rsquo;entra\u00eene l&rsquo;obligation de supprimer le correspondant. lien.<\/h5>\n\n<h5 class=\"wp-block-heading\" style=\"font-style:normal;font-weight:400\">Babe Friend Consulting SL Sites li\u00e9s n&rsquo;est donc pas responsable des dommages caus\u00e9s par l&rsquo;ill\u00e9galit\u00e9, la qualit\u00e9, depuis la mise \u00e0 jour, l&rsquo;indisponibilit\u00e9, l&rsquo;erreur et l&rsquo;inutilit\u00e9 des contenus et\/ou services des sites li\u00e9s ou de tout autre dommage qui n&rsquo;est pas directement imputable \u00e0 Babe. Friend Consulting SL<\/h5>\n\n<ol class=\"wp-block-list\" start=\"5\">\n<li>EXCLUSION DE RESPONSABILIT\u00c9<\/li>\n<\/ol>\n\n<h5 class=\"wp-block-heading\" style=\"font-style:normal;font-weight:400\">La responsabilit\u00e9 de l&rsquo;utilisation de ce site Web appartient uniquement et exclusivement \u00e0 l&rsquo;utilisateur.<\/h5>\n\n<h5 class=\"wp-block-heading\" style=\"font-style:normal;font-weight:400\">Babe Friend Consulting SL n&rsquo;est en aucun cas responsable des dommages de toute nature qui pourraient \u00eatre caus\u00e9s par\u00a0:<\/h5>\n\n<ol class=\"wp-block-list\">\n<li class=\"has-small-font-size\">L&rsquo;indisponibilit\u00e9, la maintenance et le fonctionnement du site Web ou de ses services ou contenus, car ils n\u00e9cessitent des fournitures et des services de tiers.<\/li>\n\n\n\n<li class=\"has-small-font-size\">Les erreurs et omissions dans les informations publi\u00e9es ainsi que le manque d&rsquo;utilit\u00e9, d&rsquo;ad\u00e9quation ou de validit\u00e9 du site Web ou de ses services ou contenus pour satisfaire les besoins, les activit\u00e9s ou les r\u00e9sultats ou attentes concrets des utilisateurs.<\/li>\n<\/ol>\n\n<h5 class=\"wp-block-heading\" style=\"font-style:normal;font-weight:400\">L&rsquo;acc\u00e8s au Portail n&rsquo;implique pas l&rsquo;obligation de la part de Babe Friend Consulting SL de contr\u00f4ler l&rsquo;absence de virus ou de tout autre \u00e9l\u00e9ment informatique nuisible.<\/h5>\n\n<h5 class=\"wp-block-heading\" style=\"font-style:normal;font-weight:400\">L&rsquo;Utilisateur est responsable, dans tous les cas, de la disponibilit\u00e9 d&rsquo;outils ad\u00e9quats pour la d\u00e9tection et la d\u00e9sinfection des programmes informatiques nuisibles. Babe Friend Consulting SL n&rsquo;est pas responsable des dommages caus\u00e9s \u00e0 l&rsquo;\u00e9quipement informatique des utilisateurs ou de tiers lors de l&rsquo;utilisation du site Web.<\/h5>\n\n<ol class=\"wp-block-list\" start=\"6\">\n<li>L\u00c9GISLATION<\/li>\n<\/ol>\n\n<h5 class=\"wp-block-heading\" style=\"font-style:normal;font-weight:400\">Le pr\u00e9sent avis juridique est r\u00e9gi dans tous ses aspects par la loi espagnole et le r\u00e8glement g\u00e9n\u00e9ral sur la protection des donn\u00e9es de l&rsquo;Union europ\u00e9enne.<\/h5>\n\n<ol class=\"wp-block-list\" start=\"7\">\n<li>MISE \u00c0 JOUR<\/li>\n<\/ol>\n\n<h5 class=\"wp-block-heading\" style=\"font-style:normal;font-weight:400\">L&rsquo;utilisation de ce site Web a \u00e9t\u00e9 r\u00e9vis\u00e9e pour la derni\u00e8re fois en janvier 2023.<\/h5>\n","protected":false},"excerpt":{"rendered":"<p>Les pr\u00e9sentes conditions d&rsquo;utilisation du Web \u00e9tablissent les conditions g\u00e9n\u00e9rales qui r\u00e9gissent \u00e0 la fois l&rsquo;acc\u00e8s et la navigation, ainsi que l&rsquo;utilisation du contenu de ce site Web. Les informations contenues dans cette page Web font r\u00e9f\u00e9rence aux services fournis par Babe Friend Consulting SL. Ces informations ont uniquement des effets \u00e9nonciatifs et constituent donc [&hellip;]<\/p>\n","protected":false},"author":1,"featured_media":0,"parent":0,"menu_order":0,"comment_status":"closed","ping_status":"closed","template":"","meta":{"footnotes":""},"class_list":["post-6819","page","type-page","status-publish","hentry"],"aioseo_notices":[],"_links":{"self":[{"href":"https:\/\/hostalsanansa.com\/fr\/wp-json\/wp\/v2\/pages\/6819","targetHints":{"allow":["GET"]}}],"collection":[{"href":"https:\/\/hostalsanansa.com\/fr\/wp-json\/wp\/v2\/pages"}],"about":[{"href":"https:\/\/hostalsanansa.com\/fr\/wp-json\/wp\/v2\/types\/page"}],"author":[{"embeddable":true,"href":"https:\/\/hostalsanansa.com\/fr\/wp-json\/wp\/v2\/users\/1"}],"replies":[{"embeddable":true,"href":"https:\/\/hostalsanansa.com\/fr\/wp-json\/wp\/v2\/comments?post=6819"}],"version-history":[{"count":5,"href":"https:\/\/hostalsanansa.com\/fr\/wp-json\/wp\/v2\/pages\/6819\/revisions"}],"predecessor-version":[{"id":8168,"href":"https:\/\/hostalsanansa.com\/fr\/wp-json\/wp\/v2\/pages\/6819\/revisions\/8168"}],"wp:attachment":[{"href":"https:\/\/hostalsanansa.com\/fr\/wp-json\/wp\/v2\/media?parent=6819"}],"curies":[{"name":"wp","href":"https:\/\/api.w.org\/{rel}","templated":true}]}}