{"id":6848,"date":"2024-03-01T09:04:57","date_gmt":"2024-03-01T09:04:57","guid":{"rendered":"https:\/\/hostalsanansa.com\/politique-de-cookies\/"},"modified":"2024-08-01T18:47:56","modified_gmt":"2024-08-01T18:47:56","slug":"politique-de-cookies","status":"publish","type":"page","link":"https:\/\/hostalsanansa.com\/fr\/politique-de-cookies\/","title":{"rendered":"Politique de cookies"},"content":{"rendered":"\n<h5 class=\"wp-block-heading\" style=\"font-style:normal;font-weight:400\">Notre site Internet <a href=\"https:\/\/hostalsanansa.com\/fr\/\" title=\"\">https:\/\/hostalsanansa.com\/<\/a> utilise une technologie appel\u00e9e \u00ab cookies \u00bb afin de collecter des informations sur l&rsquo;utilisation du site Internet. Nous vous informons que nous pouvons utiliser des cookies afin de faciliter votre navigation sur le site Web, de vous distinguer des autres utilisateurs, de vous offrir une meilleure exp\u00e9rience d&rsquo;utilisation et d&rsquo;identifier des probl\u00e8mes pour am\u00e9liorer notre site Web. De plus, si vous donnez votre consentement, nous utiliserons des cookies qui nous permettront d&rsquo;obtenir plus d&rsquo;informations sur vos pr\u00e9f\u00e9rences et de personnaliser notre site Web en fonction de vos int\u00e9r\u00eats individuels.<\/h5>\n\n<h5 class=\"wp-block-heading\" style=\"font-style:normal;font-weight:400\">Cette politique en mati\u00e8re de cookies a pour objectif de fournir des informations claires et pr\u00e9cises sur les cookies utilis\u00e9s sur notre site Internet. Si vous souhaitez obtenir plus d&rsquo;informations sur les cookies que nous utilisons sur le site Web, vous pouvez envoyer un e-mail \u00e0 l&rsquo;adresse suivante : <a href=\"mailto:info@hostalsanansa.com\" title=\"\">info@hostalsanansa.com<\/a><\/h5>\n\n<ol class=\"wp-block-list\">\n<li>BISCUITS<\/li>\n<\/ol>\n\n<h5 class=\"wp-block-heading\" style=\"font-style:normal;font-weight:400\">Un cookie est un fichier t\u00e9l\u00e9charg\u00e9 sur votre ordinateur (ordinateur ou appareil mobile) afin de stocker des donn\u00e9es qui peuvent \u00eatre mises \u00e0 jour et r\u00e9cup\u00e9r\u00e9es par l&rsquo;entit\u00e9 responsable de son installation.<\/h5>\n\n<h5 class=\"wp-block-heading\" style=\"font-style:normal;font-weight:400\">Les informations collect\u00e9es via les cookies peuvent inclure la date et l&rsquo;heure des visites sur le site Web, les pages visit\u00e9es, l&rsquo;heure \u00e0 laquelle vous avez \u00e9t\u00e9 sur notre site Web et les sites visit\u00e9s juste avant et apr\u00e8s celui-ci.<\/h5>\n\n<ol class=\"wp-block-list\" start=\"2\">\n<li>TYPE DE COOKIES UTILIS\u00c9S SUR LE SITE WEB<\/li>\n<\/ol>\n\n<h5 class=\"wp-block-heading\" style=\"font-style:normal;font-weight:400\">Notre site Internet utilise les cookies d\u00e9crits ci-dessous :<\/h5>\n\n<h5 class=\"wp-block-heading\"><strong>COOKIES DE S\u00c9ANCE<\/strong><\/h5>\n\n<h5 class=\"wp-block-heading\" style=\"font-style:normal;font-weight:400\">Ce sont ces cookies qui sont envoy\u00e9s \u00e0 votre ordinateur et g\u00e9r\u00e9s exclusivement par nous pour le meilleur fonctionnement du site Web. Les informations que nous collectons sont utilis\u00e9es pour am\u00e9liorer la qualit\u00e9 de notre service et votre exp\u00e9rience en tant qu&rsquo;utilisateur.<\/h5>\n\n<h5 class=\"wp-block-heading\"><strong>COOKIES PERSISTANTS<\/strong><\/h5>\n\n<h5 class=\"wp-block-heading\" style=\"font-style:normal;font-weight:400\">Ces cookies restent plus longtemps dans votre navigateur, nous permettant de vous reconna\u00eetre en tant que visiteur r\u00e9current du site Web et d&rsquo;adapter le contenu pour vous proposer un contenu qui correspond \u00e0 vos pr\u00e9f\u00e9rences.<\/h5>\n\n<h5 class=\"wp-block-heading\" style=\"font-style:normal;font-weight:400\">Personnalisation de la boutique en ligne (utilise un seul cookie crypt\u00e9 pour stocker toutes les informations de session)<\/h5>\n\n<h5 class=\"wp-block-heading\" style=\"font-style:normal;font-weight:400\">Plus pr\u00e9cis\u00e9ment, nous utilisons les cookies suivants :<\/h5>\n\n<h5 class=\"wp-block-heading\"><strong>PROPRES COOKIES<\/strong><\/h5>\n\n<h5 class=\"wp-block-heading\" style=\"font-style:normal;font-weight:400\">_ga (2 ans) Il permet de distinguer les utilisateurs.<\/h5>\n\n<h5 class=\"wp-block-heading\" style=\"font-style:normal;font-weight:400\">_gat (10 minutes) Utilis\u00e9 pour limiter le pourcentage de requ\u00eates.<\/h5>\n\n<h5 class=\"wp-block-heading\" style=\"font-style:normal;font-weight:400\">_gid (session) Contient un identifiant anonyme utilis\u00e9 pour distinguer les utilisateurs<\/h5>\n\n<h5 class=\"wp-block-heading\"><strong>COOKIES ANALYTIQUES TIERS<\/strong><\/h5>\n\n<h5 class=\"wp-block-heading\" style=\"font-style:normal;font-weight:400\">Les cookies tiers sont ceux d\u00e9finis par un domaine diff\u00e9rent de notre site Web. Nous ne pouvons pas acc\u00e9der aux donn\u00e9es stock\u00e9es dans les cookies d&rsquo;autres sites Web lorsque nous naviguons sur ces sites Web.<\/h5>\n\n<h5 class=\"wp-block-heading\"><strong>GOOGLE IRLANDE, INC.<\/strong><\/h5>\n\n<ul class=\"wp-block-list\">\n<li class=\"has-small-font-size\">CONSENTEMENT (permanent) : Cookie qui g\u00e8re l&rsquo;acceptation des cookies de Google<\/li>\n\n\n\n<li class=\"has-small-font-size\">HSID (2 ans) et SID (2 ans)\u00a0: contiennent des enregistrements crypt\u00e9s et sign\u00e9s num\u00e9riquement de l&rsquo;heure de connexion la plus r\u00e9cente d&rsquo;un utilisateur et de son identifiant de compte Google. La combinaison de ces deux cookies permet de bloquer de nombreux types d&rsquo;attaques comme par exemple les tentatives de vol du contenu des formulaires que vous remplissez sur les pages web.<\/li>\n\n\n\n<li class=\"has-small-font-size\">SAPISID (2 ans) : Cookie utilis\u00e9 pour g\u00e9rer les pr\u00e9f\u00e9rences des utilisateurs.<\/li>\n\n\n\n<li class=\"has-small-font-size\">SSID (2 ans) : Cookie utilis\u00e9 pour g\u00e9rer les pr\u00e9f\u00e9rences de l&rsquo;utilisateur.<\/li>\n\n\n\n<li class=\"has-small-font-size\">NID (6 mois)\u00a0: Pour personnaliser les annonces diffus\u00e9es dans vos propri\u00e9t\u00e9s (par exemple, dans le moteur de recherche Google). Par exemple, nous utilisons ces cookies pour m\u00e9moriser vos recherches les plus r\u00e9centes, vos interactions pr\u00e9c\u00e9dentes avec les r\u00e9sultats de recherche ou avec la publicit\u00e9 d&rsquo;un annonceur et vos visites sur le site Web d&rsquo;un annonceur. De cette mani\u00e8re, des annonces personnalis\u00e9es peuvent \u00eatre affich\u00e9es sur Google<\/li>\n\n\n\n<li class=\"has-small-font-size\">DV (Session) : Ils stockent des informations, identifiants et pr\u00e9f\u00e9rences li\u00e9s \u00e0 Google<\/li>\n\n\n\n<li class=\"has-small-font-size\">1P_JAR (7 jours) Google utilise ce cookie pour personnaliser les publicit\u00e9s susceptibles de vous int\u00e9resser.<\/li>\n\n\n\n<li class=\"has-small-font-size\">Le DSID (7 jours) peut \u00eatre utilis\u00e9 dans d&rsquo;autres propri\u00e9t\u00e9s Google (par exemple YouTube) pour vous montrer des annonces plus pertinentes.<\/li>\n\n\n\n<li class=\"has-small-font-size\">IDE (1 an) Il s&rsquo;agit d&rsquo;un cookie publicitaire et est stock\u00e9 dans les navigateurs du domaine doubleclick.net.<\/li>\n\n\n\n<li class=\"has-small-font-size\">OGPC (1 mois) Ce cookie est utilis\u00e9 par Google pour fournir des services et extraire des informations anonymes de navigation.<\/li>\n<\/ul>\n\n<h5 class=\"wp-block-heading\" style=\"font-style:normal;font-weight:400\">De plus, si vous interagissez avec le contenu de notre site Internet, des cookies tiers peuvent \u00e9galement \u00eatre implant\u00e9s (par exemple, lorsque vous cliquez sur des boutons sur les r\u00e9seaux sociaux ou regardez des vid\u00e9os h\u00e9berg\u00e9es sur un autre site Internet).<\/h5>\n\n<h5 class=\"wp-block-heading\" style=\"font-style:normal;font-weight:400\">Nous incluons ci-dessous les liens vers les sites Internet o\u00f9 vous pouvez consulter la description du type de cookies utilis\u00e9s par les r\u00e9seaux sociaux auxquels vous pouvez acc\u00e9der depuis notre site Internet et leur dur\u00e9e d&rsquo;expiration :<\/h5>\n\n<ul class=\"wp-block-list\">\n<li class=\"has-small-font-size\">Facebook, consultez le lien suivant : <a href=\"https:\/\/www.facebook.com\/policies\/cookies\">https:\/\/www.facebook.com\/policies\/cookies<\/a><\/li>\n\n\n\n<li class=\"has-small-font-size\">Twitter, consultez le lien suivant : <a href=\"https:\/\/twitter.com\/privacy?lang=es\">https:\/\/twitter.com\/privacy?lang=es<\/a><\/li>\n\n\n\n<li class=\"has-small-font-size\">Instagram, consultez le lien suivant : <a href=\"https:\/\/www.instagram.co\/about\/legal\/privacy\/?hl=es\">ttps:\/\/www.instagram.co\/about\/legal\/privacy\/?hl=es<\/a><\/li>\n<\/ul>\n\n<ol class=\"wp-block-list\" start=\"3\">\n<li>CONSENTEMENT<\/li>\n<\/ol>\n\n<h5 class=\"wp-block-heading\" style=\"font-style:normal;font-weight:400\">En naviguant et en poursuivant votre navigation sur notre site Internet, vous consentez \u00e0 l&rsquo;utilisation des cookies pr\u00e9cit\u00e9s, pour les dur\u00e9es indiqu\u00e9es et dans les conditions contenues dans la pr\u00e9sente Politique de Cookies.<\/h5>\n\n<h5 class=\"wp-block-heading\"><strong>D\u00c9SACTIVER ET BLOQUER LES COOKIES OU RETIRER MON CONSENTEMENT<\/strong><\/h5>\n\n<h5 class=\"wp-block-heading\" style=\"font-style:normal;font-weight:400\">Dans tous les cas, nous vous informons que les cookies n&rsquo;\u00e9tant pas indispensables \u00e0 l&rsquo;utilisation de notre site Internet, vous pouvez les bloquer ou les d\u00e9sactiver en activant la configuration de votre navigateur qui vous permet de refuser l&rsquo;installation de tout ou partie d&rsquo;entre eux. La majorit\u00e9 pratique des navigateurs permettent d&rsquo;avertir de la pr\u00e9sence de cookies ou de les rejeter automatiquement. Si vous les refusez, vous pourrez continuer \u00e0 utiliser notre site Web, m\u00eame si l&rsquo;utilisation de certains de ses services peut \u00eatre limit\u00e9e et donc votre exp\u00e9rience sur notre site Web sera moins satisfaisante. Pour plus d&rsquo;informations sur la suppression, la d\u00e9sactivation ou le blocage des cookies, veuillez visiter : <a href=\"http:\/\/www.aboutcookies.org\/default.aspx?page=2\">http:\/\/www.aboutcookies.org\/default.aspx?page=2<\/a><\/h5>\n\n<h5 class=\"wp-block-heading\" style=\"font-style:normal;font-weight:400\">Vous pouvez \u00e9galement trouver des informations sur la fa\u00e7on de proc\u00e9der dans les liens suivants en fonction du navigateur que vous utilisez :<\/h5>\n\n<ul class=\"wp-block-list\">\n<li class=\"has-small-font-size\">Firefox depuis <a href=\"http:\/\/support.mozilla.org\/es\/kb\/habilitar-y-deshabilitar-cookies-que-los-sitios-web\">http:\/\/support.mozilla.org\/es\/kb\/habilitar-y-deshabilitar-cookies-que-los-sitios-web<\/a><\/li>\n\n\n\n<li class=\"has-small-font-size\">Chrome depuis <a href=\"http:\/\/support.google.com\/chrome\/bin\/answer.py?hl=es&amp;answer=95647\">http:\/\/support.google.com\/chrome\/bin\/answer.py?hl=es&amp;answer=95647<\/a><\/li>\n\n\n\n<li class=\"has-small-font-size\">Explorateur depuis <a href=\"http:\/\/windows.microsoft.com\/es-es\/windows7\/how-to-manage-cookies-in-internet-explorer-9\">http:\/\/windows.microsoft.com\/es-es\/windows7\/how-to-manage-cookies-in-internet-explorer-9<\/a><\/li>\n\n\n\n<li class=\"has-small-font-size\">Safari depuis <a href=\"http:\/\/support.apple.com\/kb\/ph5042\">http:\/\/support.apple.com\/kb\/ph5042<\/a><\/li>\n\n\n\n<li class=\"has-small-font-size\">Fonctionne \u00e0 partir de <a href=\"http:\/\/help.opera.com\/windows\/11.50\/es-es\/cookies.html\">http:\/\/help.opera.com\/windows\/11.50\/es-es\/cookies.html<\/a><\/li>\n<\/ul>\n\n<h5 class=\"wp-block-heading\" style=\"font-style:normal;font-weight:400\">Si vous le souhaitez, vous pouvez regarder les vid\u00e9os d\u00e9velopp\u00e9es par l&rsquo;Agence espagnole de protection des donn\u00e9es afin d&rsquo;expliquer comment configurer les options de confidentialit\u00e9 \u00e0 partir de diff\u00e9rentes plateformes et ordinateurs.  <a href=\"https:\/\/www.aepd.es\/videos\/index.html\">https:\/\/www.aepd.es\/videos\/index.html<\/a><\/h5>\n\n<ol class=\"wp-block-list\" start=\"4\">\n<li>MODIFICATIONS DE LA POLITIQUE DES COOKIES<\/li>\n<\/ol>\n\n<h5 class=\"wp-block-heading\" style=\"font-style:normal;font-weight:400\">Il est possible que nous mettions \u00e0 jour la politique de cookies de notre site Web, nous vous recommandons donc de consulter cette politique chaque fois que vous acc\u00e9dez \u00e0 notre site Web afin d&rsquo;\u00eatre correctement inform\u00e9 sur comment et pourquoi nous utilisons des cookies. Cette politique de cookies a \u00e9t\u00e9 mise \u00e0 jour pour la derni\u00e8re fois en janvier 2023.<\/h5>\n","protected":false},"excerpt":{"rendered":"<p>Notre site Internet https:\/\/hostalsanansa.com\/ utilise une technologie appel\u00e9e \u00ab cookies \u00bb afin de collecter des informations sur l&rsquo;utilisation du site Internet. Nous vous informons que nous pouvons utiliser des cookies afin de faciliter votre navigation sur le site Web, de vous distinguer des autres utilisateurs, de vous offrir une meilleure exp\u00e9rience d&rsquo;utilisation et d&rsquo;identifier des [&hellip;]<\/p>\n","protected":false},"author":1,"featured_media":0,"parent":0,"menu_order":0,"comment_status":"closed","ping_status":"closed","template":"","meta":{"footnotes":""},"class_list":["post-6848","page","type-page","status-publish","hentry"],"aioseo_notices":[],"_links":{"self":[{"href":"https:\/\/hostalsanansa.com\/fr\/wp-json\/wp\/v2\/pages\/6848","targetHints":{"allow":["GET"]}}],"collection":[{"href":"https:\/\/hostalsanansa.com\/fr\/wp-json\/wp\/v2\/pages"}],"about":[{"href":"https:\/\/hostalsanansa.com\/fr\/wp-json\/wp\/v2\/types\/page"}],"author":[{"embeddable":true,"href":"https:\/\/hostalsanansa.com\/fr\/wp-json\/wp\/v2\/users\/1"}],"replies":[{"embeddable":true,"href":"https:\/\/hostalsanansa.com\/fr\/wp-json\/wp\/v2\/comments?post=6848"}],"version-history":[{"count":5,"href":"https:\/\/hostalsanansa.com\/fr\/wp-json\/wp\/v2\/pages\/6848\/revisions"}],"predecessor-version":[{"id":8171,"href":"https:\/\/hostalsanansa.com\/fr\/wp-json\/wp\/v2\/pages\/6848\/revisions\/8171"}],"wp:attachment":[{"href":"https:\/\/hostalsanansa.com\/fr\/wp-json\/wp\/v2\/media?parent=6848"}],"curies":[{"name":"wp","href":"https:\/\/api.w.org\/{rel}","templated":true}]}}